{"id":9779,"date":"2022-09-14T16:40:27","date_gmt":"2022-09-14T16:40:27","guid":{"rendered":"https:\/\/alvaladecineclube.pt\/demo\/?page_id=9779"},"modified":"2023-05-16T13:49:59","modified_gmt":"2023-05-16T13:49:59","slug":"ac-equipa","status":"publish","type":"page","link":"https:\/\/alvaladecineclube.pt\/en\/ac-equipa\/","title":{"rendered":"AC_Our Team"},"content":{"rendered":"<div data-elementor-type=\"wp-page\" data-elementor-id=\"9779\" class=\"elementor elementor-9779\" data-elementor-post-type=\"page\">\n\t\t\t\t\t\t<section class=\"elementor-section elementor-top-section elementor-element elementor-element-1bbb09e elementor-section-full_width elementor-section-height-default elementor-section-height-default qodef-elementor-content-no\" data-id=\"1bbb09e\" data-element_type=\"section\" data-settings=\"{&quot;background_background&quot;:&quot;classic&quot;}\">\n\t\t\t\t\t\t<div class=\"elementor-container elementor-column-gap-default\">\n\t\t\t\t\t<div class=\"elementor-column elementor-col-100 elementor-top-column elementor-element elementor-element-5e3dae5\" data-id=\"5e3dae5\" data-element_type=\"column\">\n\t\t\t<div class=\"elementor-widget-wrap elementor-element-populated\">\n\t\t\t\t\t\t<section class=\"elementor-section elementor-inner-section elementor-element elementor-element-1148c95 qodef-elementor-content-grid elementor-section-boxed elementor-section-height-default elementor-section-height-default\" data-id=\"1148c95\" data-element_type=\"section\">\n\t\t\t\t\t\t<div class=\"elementor-container elementor-column-gap-default\">\n\t\t\t\t\t<div class=\"elementor-column elementor-col-100 elementor-inner-column elementor-element elementor-element-e445b7f\" data-id=\"e445b7f\" data-element_type=\"column\">\n\t\t\t<div class=\"elementor-widget-wrap elementor-element-populated\">\n\t\t\t\t\t\t<div class=\"elementor-element elementor-element-6446cab elementor-widget elementor-widget-coppola_core_section_title\" data-id=\"6446cab\" data-element_type=\"widget\" data-widget_type=\"coppola_core_section_title.default\">\n\t\t\t\t<div class=\"elementor-widget-container\">\n\t\t\t<div class=\"qodef-shortcode qodef-m  qodef-section-title qodef-alignment--center\">\n\t\t<p class=\"qodef-m-subtitle\" style=\"color: #FFFFFF\">These are the<\/p>\n\t\t<h1 class=\"qodef-m-title\" style=\"color: #FFFFFF\">\n\t\t\t\t\tFilm society divas\t\t\t<\/h1>\n\t\t<\/div>\n\t\t<\/div>\n\t\t\t\t<\/div>\n\t\t\t\t\t<\/div>\n\t\t<\/div>\n\t\t\t\t\t<\/div>\n\t\t<\/section>\n\t\t\t\t<section class=\"elementor-section elementor-inner-section elementor-element elementor-element-9f7df6a qodef-elementor-content-grid elementor-section-full_width elementor-section-height-default elementor-section-height-default\" data-id=\"9f7df6a\" data-element_type=\"section\">\n\t\t\t\t\t\t<div class=\"elementor-container elementor-column-gap-default\">\n\t\t\t\t\t<div class=\"elementor-column elementor-col-100 elementor-inner-column elementor-element elementor-element-eedb18c\" data-id=\"eedb18c\" data-element_type=\"column\">\n\t\t\t<div class=\"elementor-widget-wrap elementor-element-populated\">\n\t\t\t\t\t\t<div class=\"elementor-element elementor-element-9d78bde elementor-widget elementor-widget-coppola_core_team_list\" data-id=\"9d78bde\" data-element_type=\"widget\" data-widget_type=\"coppola_core_team_list.default\">\n\t\t\t\t<div class=\"elementor-widget-container\">\n\t\t\t<div class=\"qodef-shortcode qodef-m  qodef-team-list qodef-item-layout--info-below qodef-align--left qodef-item-layout--light-skin qodef-grid qodef-layout--columns   qodef-gutter--normal qodef-col-num--3 qodef-item-layout--info-below qodef--no-bottom-space qodef-pagination--off qodef-responsive--custom qodef-col-num--1440--3 qodef-col-num--1366--3 qodef-col-num--1024--2 qodef-col-num--768--2 qodef-col-num--680--1 qodef-col-num--480--1\" data-options=\"{&quot;plugin&quot;:&quot;coppola_core&quot;,&quot;module&quot;:&quot;post-types\\\/team\\\/shortcodes&quot;,&quot;shortcode&quot;:&quot;team-list&quot;,&quot;post_type&quot;:&quot;team&quot;,&quot;next_page&quot;:&quot;2&quot;,&quot;max_pages_num&quot;:1,&quot;behavior&quot;:&quot;columns&quot;,&quot;images_proportion&quot;:&quot;thumbnail&quot;,&quot;columns&quot;:&quot;3&quot;,&quot;columns_responsive&quot;:&quot;custom&quot;,&quot;columns_1440&quot;:&quot;3&quot;,&quot;columns_1366&quot;:&quot;3&quot;,&quot;columns_1024&quot;:&quot;2&quot;,&quot;columns_768&quot;:&quot;2&quot;,&quot;columns_680&quot;:&quot;1&quot;,&quot;columns_480&quot;:&quot;1&quot;,&quot;space&quot;:&quot;normal&quot;,&quot;posts_per_page&quot;:&quot;9&quot;,&quot;orderby&quot;:&quot;rand&quot;,&quot;order&quot;:&quot;ASC&quot;,&quot;additional_params&quot;:&quot;tax&quot;,&quot;tax&quot;:&quot;team-category&quot;,&quot;tax_slug&quot;:&quot;AC&quot;,&quot;layout&quot;:&quot;info-below&quot;,&quot;title_tag&quot;:&quot;h5&quot;,&quot;light_skin&quot;:&quot;yes&quot;,&quot;content_alignment&quot;:&quot;left&quot;,&quot;pagination_type&quot;:&quot;no-pagination&quot;,&quot;object_class_name&quot;:&quot;CoppolaCore_Team_List_Shortcode&quot;,&quot;taxonomy_filter&quot;:&quot;team-category&quot;,&quot;additional_query_args&quot;:{&quot;tax_query&quot;:[{&quot;taxonomy&quot;:&quot;team-category&quot;,&quot;field&quot;:&quot;slug&quot;,&quot;terms&quot;:&quot;AC&quot;}]},&quot;item_classes&quot;:&quot;qodef-e qodef-grid-item &quot;,&quot;space_value&quot;:15}\">\n\t\t<div class=\"qodef-grid-inner clear\">\n\t\t<div class=\"qodef-e qodef-grid-item  post-768 team type-team status-publish has-post-thumbnail hentry team-category-ac\">\n\t<div class=\"qodef-e-inner\">\n\t\t<div class=\"qodef-e-image\">\n\t\t\t\t<div class=\"qodef-e-media-image\">\n\t\t\t\t\t<img decoding=\"async\" width=\"150\" height=\"150\" src=\"https:\/\/alvaladecineclube.pt\/demo\/wp-content\/uploads\/2021\/11\/WhatsApp-Image-2022-09-14-at-20.20.49-150x150.jpeg\" class=\"attachment-thumbnail size-thumbnail wp-post-image\" alt=\"\" srcset=\"https:\/\/alvaladecineclube.pt\/demo\/wp-content\/uploads\/2021\/11\/WhatsApp-Image-2022-09-14-at-20.20.49-150x150.jpeg 150w, https:\/\/alvaladecineclube.pt\/demo\/wp-content\/uploads\/2021\/11\/WhatsApp-Image-2022-09-14-at-20.20.49-300x300.jpeg 300w, https:\/\/alvaladecineclube.pt\/demo\/wp-content\/uploads\/2021\/11\/WhatsApp-Image-2022-09-14-at-20.20.49-768x768.jpeg 768w, https:\/\/alvaladecineclube.pt\/demo\/wp-content\/uploads\/2021\/11\/WhatsApp-Image-2022-09-14-at-20.20.49-12x12.jpeg 12w, https:\/\/alvaladecineclube.pt\/demo\/wp-content\/uploads\/2021\/11\/WhatsApp-Image-2022-09-14-at-20.20.49-650x650.jpeg 650w, https:\/\/alvaladecineclube.pt\/demo\/wp-content\/uploads\/2021\/11\/WhatsApp-Image-2022-09-14-at-20.20.49.jpeg 920w\" sizes=\"(max-width: 150px) 100vw, 150px\" \/>\t\t\t<\/div>\n\t<div class=\"qodef-e-media-image-overlay\"><\/div>\n\t\t<\/div>\n\t\t<div class=\"qodef-e-content\" >\n\t\t\t<h5 itemprop=\"name\" class=\"qodef-e-title entry-title\" >\n\t\t\tJo\u00e3o <span style=\"color:#ef9797\">Borges<\/span>\t<\/h5>\n\t\t\t\t<p class=\"qodef-e-role\">as DB guardian<\/p>\n\t\t\t\t\t<\/div>\n\t<\/div>\n<\/div>\n<div class=\"qodef-e qodef-grid-item  post-789 team type-team status-publish has-post-thumbnail hentry team-category-ac\">\n\t<div class=\"qodef-e-inner\">\n\t\t<div class=\"qodef-e-image\">\n\t\t\t\t<div class=\"qodef-e-media-image\">\n\t\t\t\t\t<img decoding=\"async\" width=\"150\" height=\"150\" src=\"https:\/\/alvaladecineclube.pt\/demo\/wp-content\/uploads\/2021\/11\/Jose-Mario-Silva_SophieBassouls-150x150.jpeg\" class=\"attachment-thumbnail size-thumbnail wp-post-image\" alt=\"\" srcset=\"https:\/\/alvaladecineclube.pt\/demo\/wp-content\/uploads\/2021\/11\/Jose-Mario-Silva_SophieBassouls-150x150.jpeg 150w, https:\/\/alvaladecineclube.pt\/demo\/wp-content\/uploads\/2021\/11\/Jose-Mario-Silva_SophieBassouls-12x12.jpeg 12w, https:\/\/alvaladecineclube.pt\/demo\/wp-content\/uploads\/2021\/11\/Jose-Mario-Silva_SophieBassouls.jpeg 300w\" sizes=\"(max-width: 150px) 100vw, 150px\" \/>\t\t\t<\/div>\n\t<div class=\"qodef-e-media-image-overlay\"><\/div>\n\t\t<\/div>\n\t\t<div class=\"qodef-e-content\" >\n\t\t\t<h5 itemprop=\"name\" class=\"qodef-e-title entry-title\" >\n\t\t\tJos\u00e9 M\u00e1rio <span style=\"color:#eaa57f\">Silva<\/span>\t<\/h5>\n\t\t\t\t<p class=\"qodef-e-role\">as quiz master<\/p>\n\t\t\t\t\t<\/div>\n\t<\/div>\n<\/div>\n<div class=\"qodef-e qodef-grid-item  post-9153 team type-team status-publish has-post-thumbnail hentry team-category-ac\">\n\t<div class=\"qodef-e-inner\">\n\t\t<div class=\"qodef-e-image\">\n\t\t\t\t<div class=\"qodef-e-media-image\">\n\t\t\t\t\t<img decoding=\"async\" width=\"150\" height=\"150\" src=\"https:\/\/alvaladecineclube.pt\/demo\/wp-content\/uploads\/2021\/11\/Ana-Pinto-Goncalves-150x150.jpeg\" class=\"attachment-thumbnail size-thumbnail wp-post-image\" alt=\"\" srcset=\"https:\/\/alvaladecineclube.pt\/demo\/wp-content\/uploads\/2021\/11\/Ana-Pinto-Goncalves-150x150.jpeg 150w, https:\/\/alvaladecineclube.pt\/demo\/wp-content\/uploads\/2021\/11\/Ana-Pinto-Goncalves-300x300.jpeg 300w, https:\/\/alvaladecineclube.pt\/demo\/wp-content\/uploads\/2021\/11\/Ana-Pinto-Goncalves-1024x1024.jpeg 1024w, https:\/\/alvaladecineclube.pt\/demo\/wp-content\/uploads\/2021\/11\/Ana-Pinto-Goncalves-768x768.jpeg 768w, https:\/\/alvaladecineclube.pt\/demo\/wp-content\/uploads\/2021\/11\/Ana-Pinto-Goncalves-12x12.jpeg 12w, https:\/\/alvaladecineclube.pt\/demo\/wp-content\/uploads\/2021\/11\/Ana-Pinto-Goncalves-650x650.jpeg 650w, https:\/\/alvaladecineclube.pt\/demo\/wp-content\/uploads\/2021\/11\/Ana-Pinto-Goncalves.jpeg 1030w\" sizes=\"(max-width: 150px) 100vw, 150px\" \/>\t\t\t<\/div>\n\t<div class=\"qodef-e-media-image-overlay\"><\/div>\n\t\t<\/div>\n\t\t<div class=\"qodef-e-content\" >\n\t\t\t<h5 itemprop=\"name\" class=\"qodef-e-title entry-title\" >\n\t\t\tAna <span style=\"color:#ef9797\">Gon\u00e7alves<\/span>\t<\/h5>\n\t\t\t\t<p class=\"qodef-e-role\">as DDT (master money maker)<\/p>\n\t\t\t\t\t<\/div>\n\t<\/div>\n<\/div>\n<div class=\"qodef-e qodef-grid-item  post-4288 team type-team status-publish has-post-thumbnail hentry team-category-ac\">\n\t<div class=\"qodef-e-inner\">\n\t\t<div class=\"qodef-e-image\">\n\t\t\t\t<div class=\"qodef-e-media-image\">\n\t\t\t\t\t<img loading=\"lazy\" decoding=\"async\" width=\"150\" height=\"150\" src=\"https:\/\/alvaladecineclube.pt\/demo\/wp-content\/uploads\/2021\/11\/Screenshot-2022-09-14-at-17.53.44-150x150.png\" class=\"attachment-thumbnail size-thumbnail wp-post-image\" alt=\"\" srcset=\"https:\/\/alvaladecineclube.pt\/demo\/wp-content\/uploads\/2021\/11\/Screenshot-2022-09-14-at-17.53.44-150x150.png 150w, https:\/\/alvaladecineclube.pt\/demo\/wp-content\/uploads\/2021\/11\/Screenshot-2022-09-14-at-17.53.44-13x12.png 13w\" sizes=\"(max-width: 150px) 100vw, 150px\" \/>\t\t\t<\/div>\n\t<div class=\"qodef-e-media-image-overlay\"><\/div>\n\t\t<\/div>\n\t\t<div class=\"qodef-e-content\" >\n\t\t\t<h5 itemprop=\"name\" class=\"qodef-e-title entry-title\" >\n\t\t\tBruno Castro\t<\/h5>\n\t\t\t\t<p class=\"qodef-e-role\">as Curator, aka Mr. Black Bible<\/p>\n\t\t\t\t\t<\/div>\n\t<\/div>\n<\/div>\n<div class=\"qodef-e qodef-grid-item  post-1298 team type-team status-publish has-post-thumbnail hentry team-category-ac\">\n\t<div class=\"qodef-e-inner\">\n\t\t<div class=\"qodef-e-image\">\n\t\t\t\t<div class=\"qodef-e-media-image\">\n\t\t\t\t\t<img loading=\"lazy\" decoding=\"async\" width=\"150\" height=\"150\" src=\"https:\/\/alvaladecineclube.pt\/demo\/wp-content\/uploads\/2021\/11\/Screenshot-2022-09-14-at-17.58.12-150x150.png\" class=\"attachment-thumbnail size-thumbnail wp-post-image\" alt=\"\" \/>\t\t\t<\/div>\n\t<div class=\"qodef-e-media-image-overlay\"><\/div>\n\t\t<\/div>\n\t\t<div class=\"qodef-e-content\" >\n\t\t\t<h5 itemprop=\"name\" class=\"qodef-e-title entry-title\" >\n\t\t\tIn\u00eas <span style=\"color:#eaa57f\">Bernardo<\/span>\t<\/h5>\n\t\t\t\t<p class=\"qodef-e-role\">as Communicat-whaaaa?<\/p>\n\t\t\t\t\t<\/div>\n\t<\/div>\n<\/div>\n<div class=\"qodef-e qodef-grid-item  post-4285 team type-team status-publish has-post-thumbnail hentry team-category-ac\">\n\t<div class=\"qodef-e-inner\">\n\t\t<div class=\"qodef-e-image\">\n\t\t\t\t<div class=\"qodef-e-media-image\">\n\t\t\t\t\t<img loading=\"lazy\" decoding=\"async\" width=\"150\" height=\"150\" src=\"https:\/\/alvaladecineclube.pt\/demo\/wp-content\/uploads\/2021\/11\/pracana-cv-foto-150x150.jpg\" class=\"attachment-thumbnail size-thumbnail wp-post-image\" alt=\"\" srcset=\"https:\/\/alvaladecineclube.pt\/demo\/wp-content\/uploads\/2021\/11\/pracana-cv-foto-150x150.jpg 150w, https:\/\/alvaladecineclube.pt\/demo\/wp-content\/uploads\/2021\/11\/pracana-cv-foto-650x650.jpg 650w\" sizes=\"(max-width: 150px) 100vw, 150px\" \/>\t\t\t<\/div>\n\t<div class=\"qodef-e-media-image-overlay\"><\/div>\n\t\t<\/div>\n\t\t<div class=\"qodef-e-content\" >\n\t\t\t<h5 itemprop=\"name\" class=\"qodef-e-title entry-title\" >\n\t\t\tJulieta Pracana\t<\/h5>\n\t\t\t\t<p class=\"qodef-e-role\">as digital Macgyver<\/p>\n\t\t\t\t\t<\/div>\n\t<\/div>\n<\/div>\n<div class=\"qodef-e qodef-grid-item  post-1288 team type-team status-publish has-post-thumbnail hentry team-category-ac\">\n\t<div class=\"qodef-e-inner\">\n\t\t<div class=\"qodef-e-image\">\n\t\t\t\t<div class=\"qodef-e-media-image\">\n\t\t\t\t\t<img loading=\"lazy\" decoding=\"async\" width=\"150\" height=\"150\" src=\"https:\/\/alvaladecineclube.pt\/demo\/wp-content\/uploads\/2021\/11\/Screenshot-2022-09-14-at-18.02.09-150x150.png\" class=\"attachment-thumbnail size-thumbnail wp-post-image\" alt=\"\" \/>\t\t\t<\/div>\n\t<div class=\"qodef-e-media-image-overlay\"><\/div>\n\t\t<\/div>\n\t\t<div class=\"qodef-e-content\" >\n\t\t\t<h5 itemprop=\"name\" class=\"qodef-e-title entry-title\" >\n\t\t\tD\u00e9bora <span style=\"color:#fdf24e\">Pereira<\/span>\t<\/h5>\n\t\t\t\t<p class=\"qodef-e-role\">as insecure journalists nanny<\/p>\n\t\t\t\t\t<\/div>\n\t<\/div>\n<\/div>\n<div class=\"qodef-e qodef-grid-item  post-6812 team type-team status-publish has-post-thumbnail hentry team-category-ac\">\n\t<div class=\"qodef-e-inner\">\n\t\t<div class=\"qodef-e-image\">\n\t\t\t\t<div class=\"qodef-e-media-image\">\n\t\t\t\t\t<img loading=\"lazy\" decoding=\"async\" width=\"150\" height=\"150\" src=\"https:\/\/alvaladecineclube.pt\/demo\/wp-content\/uploads\/2021\/11\/Screenshot-2022-09-14-at-18.06.29-150x150.png\" class=\"attachment-thumbnail size-thumbnail wp-post-image\" alt=\"\" srcset=\"https:\/\/alvaladecineclube.pt\/demo\/wp-content\/uploads\/2021\/11\/Screenshot-2022-09-14-at-18.06.29-150x150.png 150w, https:\/\/alvaladecineclube.pt\/demo\/wp-content\/uploads\/2021\/11\/Screenshot-2022-09-14-at-18.06.29-300x300.png 300w, https:\/\/alvaladecineclube.pt\/demo\/wp-content\/uploads\/2021\/11\/Screenshot-2022-09-14-at-18.06.29-12x12.png 12w, https:\/\/alvaladecineclube.pt\/demo\/wp-content\/uploads\/2021\/11\/Screenshot-2022-09-14-at-18.06.29.png 636w\" sizes=\"(max-width: 150px) 100vw, 150px\" \/>\t\t\t<\/div>\n\t<div class=\"qodef-e-media-image-overlay\"><\/div>\n\t\t<\/div>\n\t\t<div class=\"qodef-e-content\" >\n\t\t\t<h5 itemprop=\"name\" class=\"qodef-e-title entry-title\" >\n\t\t\tS\u00f3nia <span style=\"color:#eaa57f\">Trincheiras<\/span>\t<\/h5>\n\t\t\t\t<p class=\"qodef-e-role\">as CineDojo sensei<\/p>\n\t\t\t\t\t<\/div>\n\t<\/div>\n<\/div>\n<div class=\"qodef-e qodef-grid-item  post-6811 team type-team status-publish has-post-thumbnail hentry team-category-ac\">\n\t<div class=\"qodef-e-inner\">\n\t\t<div class=\"qodef-e-image\">\n\t\t\t\t<div class=\"qodef-e-media-image\">\n\t\t\t\t\t<img loading=\"lazy\" decoding=\"async\" width=\"150\" height=\"150\" src=\"https:\/\/alvaladecineclube.pt\/demo\/wp-content\/uploads\/2021\/11\/WhatsApp-Image-2022-09-14-at-20.26.05-150x150.jpeg\" class=\"attachment-thumbnail size-thumbnail wp-post-image\" alt=\"\" srcset=\"https:\/\/alvaladecineclube.pt\/demo\/wp-content\/uploads\/2021\/11\/WhatsApp-Image-2022-09-14-at-20.26.05-150x150.jpeg 150w, https:\/\/alvaladecineclube.pt\/demo\/wp-content\/uploads\/2021\/11\/WhatsApp-Image-2022-09-14-at-20.26.05-650x650.jpeg 650w, https:\/\/alvaladecineclube.pt\/demo\/wp-content\/uploads\/2021\/11\/WhatsApp-Image-2022-09-14-at-20.26.05-1300x1300.jpeg 1300w\" sizes=\"(max-width: 150px) 100vw, 150px\" \/>\t\t\t<\/div>\n\t<div class=\"qodef-e-media-image-overlay\"><\/div>\n\t\t<\/div>\n\t\t<div class=\"qodef-e-content\" >\n\t\t\t<h5 itemprop=\"name\" class=\"qodef-e-title entry-title\" >\n\t\t\tSofia <span style=\"color:#fdf24e\">Machaqueiro<\/span>\t<\/h5>\n\t\t\t\t<p class=\"qodef-e-role\">as social animal<\/p>\n\t\t\t\t\t<\/div>\n\t<\/div>\n<\/div>\n\t<\/div>\n\t<\/div>\n\t\t<\/div>\n\t\t\t\t<\/div>\n\t\t\t\t\t<\/div>\n\t\t<\/div>\n\t\t\t\t\t<\/div>\n\t\t<\/section>\n\t\t\t\t\t<\/div>\n\t\t<\/div>\n\t\t\t\t\t<\/div>\n\t\t<\/section>\n\t\t\t\t<section class=\"elementor-section elementor-top-section elementor-element elementor-element-68aaf84 elementor-section-full_width elementor-section-content-middle elementor-section-stretched elementor-section-height-default elementor-section-height-default qodef-elementor-content-no\" data-id=\"68aaf84\" data-element_type=\"section\" data-settings=\"{&quot;stretch_section&quot;:&quot;section-stretched&quot;,&quot;background_background&quot;:&quot;classic&quot;}\">\n\t\t\t\t\t\t<div class=\"elementor-container elementor-column-gap-default\">\n\t\t\t\t\t<div class=\"elementor-column elementor-col-25 elementor-top-column elementor-element elementor-element-109f36b\" data-id=\"109f36b\" data-element_type=\"column\">\n\t\t\t<div class=\"elementor-widget-wrap elementor-element-populated\">\n\t\t\t\t\t\t<div class=\"elementor-element elementor-element-a2ac09b elementor-widget elementor-widget-image\" data-id=\"a2ac09b\" data-element_type=\"widget\" data-widget_type=\"image.default\">\n\t\t\t\t<div class=\"elementor-widget-container\">\n\t\t\t\t\t\t\t\t\t\t<figure class=\"wp-caption\">\n\t\t\t\t\t\t\t\t\t\t\t<a href=\"https:\/\/ica-ip.pt\/pt\/\" target=\"_blank\" rel=\"noopener\">\n\t\t\t\t\t\t\t<img loading=\"lazy\" decoding=\"async\" width=\"231\" height=\"189\" src=\"https:\/\/alvaladecineclube.pt\/demo\/wp-content\/uploads\/2022\/08\/mcultura.png\" class=\"attachment-medium size-medium wp-image-9485\" alt=\"\" srcset=\"https:\/\/alvaladecineclube.pt\/demo\/wp-content\/uploads\/2022\/08\/mcultura.png 231w, https:\/\/alvaladecineclube.pt\/demo\/wp-content\/uploads\/2022\/08\/mcultura-15x12.png 15w\" sizes=\"(max-width: 231px) 100vw, 231px\" \/>\t\t\t\t\t\t\t\t<\/a>\n\t\t\t\t\t\t\t\t\t\t\t<figcaption class=\"widget-image-caption wp-caption-text\">Com o apoio financeiro de Minist\u00e9rio da Cultura \/ ICA e da Junta de Freguesia de Alvalade<\/figcaption>\n\t\t\t\t\t\t\t\t\t\t<\/figure>\n\t\t\t\t\t\t\t<\/div>\n\t\t\t\t<\/div>\n\t\t\t\t\t<\/div>\n\t\t<\/div>\n\t\t\t\t<div class=\"elementor-column elementor-col-25 elementor-top-column elementor-element elementor-element-a644fe2\" data-id=\"a644fe2\" data-element_type=\"column\">\n\t\t\t<div class=\"elementor-widget-wrap elementor-element-populated\">\n\t\t\t\t\t\t<div class=\"elementor-element elementor-element-a294f94 elementor-widget elementor-widget-image\" data-id=\"a294f94\" data-element_type=\"widget\" data-widget_type=\"image.default\">\n\t\t\t\t<div class=\"elementor-widget-container\">\n\t\t\t\t\t\t\t\t\t\t\t\t\t\t<a href=\"https:\/\/www.jf-alvalade.pt\/\" target=\"_blank\" rel=\"noopener\">\n\t\t\t\t\t\t\t<img loading=\"lazy\" decoding=\"async\" width=\"230\" height=\"147\" src=\"https:\/\/alvaladecineclube.pt\/demo\/wp-content\/uploads\/2022\/08\/jfalvalade.png\" class=\"attachment-medium size-medium wp-image-9486\" alt=\"\" srcset=\"https:\/\/alvaladecineclube.pt\/demo\/wp-content\/uploads\/2022\/08\/jfalvalade.png 230w, https:\/\/alvaladecineclube.pt\/demo\/wp-content\/uploads\/2022\/08\/jfalvalade-18x12.png 18w\" sizes=\"(max-width: 230px) 100vw, 230px\" \/>\t\t\t\t\t\t\t\t<\/a>\n\t\t\t\t\t\t\t\t\t\t\t\t\t<\/div>\n\t\t\t\t<\/div>\n\t\t\t\t\t<\/div>\n\t\t<\/div>\n\t\t\t\t<div class=\"elementor-column elementor-col-25 elementor-top-column elementor-element elementor-element-db7147b\" data-id=\"db7147b\" data-element_type=\"column\">\n\t\t\t<div class=\"elementor-widget-wrap elementor-element-populated\">\n\t\t\t\t\t\t<div class=\"elementor-element elementor-element-e6a6293 elementor-widget elementor-widget-text-editor\" data-id=\"e6a6293\" data-element_type=\"widget\" data-widget_type=\"text-editor.default\">\n\t\t\t\t<div class=\"elementor-widget-container\">\n\t\t\t\t\t\t\t<p>Partnerships<\/p>\t\t\t\t\t\t<\/div>\n\t\t\t\t<\/div>\n\t\t\t\t<div class=\"elementor-element elementor-element-3432481 elementor-widget__width-inherit elementor-widget elementor-widget-image\" data-id=\"3432481\" data-element_type=\"widget\" data-widget_type=\"image.default\">\n\t\t\t\t<div class=\"elementor-widget-container\">\n\t\t\t\t\t\t\t\t\t\t\t\t\t<img loading=\"lazy\" decoding=\"async\" width=\"300\" height=\"85\" src=\"https:\/\/alvaladecineclube.pt\/demo\/wp-content\/uploads\/2022\/08\/ulusonofa-depc-300x85.png\" class=\"attachment-medium size-medium wp-image-9487\" alt=\"\" srcset=\"https:\/\/alvaladecineclube.pt\/demo\/wp-content\/uploads\/2022\/08\/ulusonofa-depc-300x85.png 300w, https:\/\/alvaladecineclube.pt\/demo\/wp-content\/uploads\/2022\/08\/ulusonofa-depc-18x5.png 18w, https:\/\/alvaladecineclube.pt\/demo\/wp-content\/uploads\/2022\/08\/ulusonofa-depc.png 521w\" sizes=\"(max-width: 300px) 100vw, 300px\" \/>\t\t\t\t\t\t\t\t\t\t\t\t\t<\/div>\n\t\t\t\t<\/div>\n\t\t\t\t<div class=\"elementor-element elementor-element-8aa508b elementor-widget elementor-widget-image\" data-id=\"8aa508b\" data-element_type=\"widget\" data-widget_type=\"image.default\">\n\t\t\t\t<div class=\"elementor-widget-container\">\n\t\t\t\t\t\t\t\t\t\t\t\t\t<img loading=\"lazy\" decoding=\"async\" width=\"226\" height=\"147\" src=\"https:\/\/alvaladecineclube.pt\/demo\/wp-content\/uploads\/2022\/08\/lusofona-filmes.png\" class=\"attachment-medium size-medium wp-image-9488\" alt=\"\" srcset=\"https:\/\/alvaladecineclube.pt\/demo\/wp-content\/uploads\/2022\/08\/lusofona-filmes.png 226w, https:\/\/alvaladecineclube.pt\/demo\/wp-content\/uploads\/2022\/08\/lusofona-filmes-18x12.png 18w\" sizes=\"(max-width: 226px) 100vw, 226px\" \/>\t\t\t\t\t\t\t\t\t\t\t\t\t<\/div>\n\t\t\t\t<\/div>\n\t\t\t\t\t<\/div>\n\t\t<\/div>\n\t\t\t\t<div class=\"elementor-column elementor-col-25 elementor-top-column elementor-element elementor-element-cc1074e\" data-id=\"cc1074e\" data-element_type=\"column\">\n\t\t\t<div class=\"elementor-widget-wrap elementor-element-populated\">\n\t\t\t\t\t\t<div class=\"elementor-element elementor-element-f4bf756 elementor-widget elementor-widget-image\" data-id=\"f4bf756\" data-element_type=\"widget\" data-widget_type=\"image.default\">\n\t\t\t\t<div class=\"elementor-widget-container\">\n\t\t\t\t\t\t\t\t\t\t<figure class=\"wp-caption\">\n\t\t\t\t\t\t\t\t\t\t<img loading=\"lazy\" decoding=\"async\" width=\"217\" height=\"147\" src=\"https:\/\/alvaladecineclube.pt\/demo\/wp-content\/uploads\/2022\/09\/sala-fl.png\" class=\"attachment-large size-large wp-image-9555\" alt=\"\" srcset=\"https:\/\/alvaladecineclube.pt\/demo\/wp-content\/uploads\/2022\/09\/sala-fl.png 217w, https:\/\/alvaladecineclube.pt\/demo\/wp-content\/uploads\/2022\/09\/sala-fl-18x12.png 18w\" sizes=\"(max-width: 217px) 100vw, 217px\" \/>\t\t\t\t\t\t\t\t\t\t\t<figcaption class=\"widget-image-caption wp-caption-text\"><\/figcaption>\n\t\t\t\t\t\t\t\t\t\t<\/figure>\n\t\t\t\t\t\t\t<\/div>\n\t\t\t\t<\/div>\n\t\t\t\t<div class=\"elementor-element elementor-element-57ef48d elementor-widget elementor-widget-image\" data-id=\"57ef48d\" data-element_type=\"widget\" data-widget_type=\"image.default\">\n\t\t\t\t<div class=\"elementor-widget-container\">\n\t\t\t\t\t\t\t\t\t\t\t\t\t<img loading=\"lazy\" decoding=\"async\" width=\"300\" height=\"180\" src=\"https:\/\/alvaladecineclube.pt\/demo\/wp-content\/uploads\/2022\/09\/CICAE_LOGO_white-300x180.png\" class=\"attachment-medium size-medium wp-image-9753\" alt=\"\" srcset=\"https:\/\/alvaladecineclube.pt\/demo\/wp-content\/uploads\/2022\/09\/CICAE_LOGO_white-300x180.png 300w, https:\/\/alvaladecineclube.pt\/demo\/wp-content\/uploads\/2022\/09\/CICAE_LOGO_white-1024x613.png 1024w, https:\/\/alvaladecineclube.pt\/demo\/wp-content\/uploads\/2022\/09\/CICAE_LOGO_white-768x460.png 768w, https:\/\/alvaladecineclube.pt\/demo\/wp-content\/uploads\/2022\/09\/CICAE_LOGO_white-1536x920.png 1536w, https:\/\/alvaladecineclube.pt\/demo\/wp-content\/uploads\/2022\/09\/CICAE_LOGO_white-18x12.png 18w, https:\/\/alvaladecineclube.pt\/demo\/wp-content\/uploads\/2022\/09\/CICAE_LOGO_white.png 1580w\" sizes=\"(max-width: 300px) 100vw, 300px\" \/>\t\t\t\t\t\t\t\t\t\t\t\t\t<\/div>\n\t\t\t\t<\/div>\n\t\t\t\t\t<\/div>\n\t\t<\/div>\n\t\t\t\t\t<\/div>\n\t\t<\/section>\n\t\t\t\t<\/div>","protected":false},"excerpt":{"rendered":"<p>estes s\u00e3o os Cineclubistas Julieta Pracana como Digital Macgyver aka cenas com clips e fita-cola. D\u00e9bora Pereira como ama de jornalistas inseguros Ana Gon\u00e7alves como DDT (master money maker) Sofia [&hellip;]<\/p>","protected":false},"author":1,"featured_media":0,"parent":0,"menu_order":0,"comment_status":"closed","ping_status":"closed","template":"page-full-width.php","meta":{"_bbp_topic_count":0,"_bbp_reply_count":0,"_bbp_total_topic_count":0,"_bbp_total_reply_count":0,"_bbp_voice_count":0,"_bbp_anonymous_reply_count":0,"_bbp_topic_count_hidden":0,"_bbp_reply_count_hidden":0,"_bbp_forum_subforum_count":0,"footnotes":"","_wp_rev_ctl_limit":""},"class_list":["post-9779","page","type-page","status-publish","hentry"],"acf":[],"_links":{"self":[{"href":"https:\/\/alvaladecineclube.pt\/en\/wp-json\/wp\/v2\/pages\/9779","targetHints":{"allow":["GET"]}}],"collection":[{"href":"https:\/\/alvaladecineclube.pt\/en\/wp-json\/wp\/v2\/pages"}],"about":[{"href":"https:\/\/alvaladecineclube.pt\/en\/wp-json\/wp\/v2\/types\/page"}],"author":[{"embeddable":true,"href":"https:\/\/alvaladecineclube.pt\/en\/wp-json\/wp\/v2\/users\/1"}],"replies":[{"embeddable":true,"href":"https:\/\/alvaladecineclube.pt\/en\/wp-json\/wp\/v2\/comments?post=9779"}],"version-history":[{"count":0,"href":"https:\/\/alvaladecineclube.pt\/en\/wp-json\/wp\/v2\/pages\/9779\/revisions"}],"wp:attachment":[{"href":"https:\/\/alvaladecineclube.pt\/en\/wp-json\/wp\/v2\/media?parent=9779"}],"curies":[{"name":"wp","href":"https:\/\/api.w.org\/{rel}","templated":true}]}}